{"id":20582,"date":"2021-01-20T14:01:37","date_gmt":"2021-01-20T12:01:37","guid":{"rendered":"https:\/\/ragyogolatas.hu\/kapcsolat\/"},"modified":"2024-05-23T09:45:08","modified_gmt":"2024-05-23T07:45:08","slug":"contact-us","status":"publish","type":"page","link":"https:\/\/ragyogolatas.hu\/en\/contact-us\/","title":{"rendered":"Contact us"},"content":{"rendered":"\t\t<div data-elementor-type=\"wp-page\" data-elementor-id=\"20582\" class=\"elementor elementor-20582 elementor-18909\" data-elementor-settings=\"{&quot;element_pack_global_tooltip_width&quot;:{&quot;unit&quot;:&quot;px&quot;,&quot;size&quot;:&quot;&quot;,&quot;sizes&quot;:[]},&quot;element_pack_global_tooltip_width_tablet&quot;:{&quot;unit&quot;:&quot;px&quot;,&quot;size&quot;:&quot;&quot;,&quot;sizes&quot;:[]},&quot;element_pack_global_tooltip_width_mobile&quot;:{&quot;unit&quot;:&quot;px&quot;,&quot;size&quot;:&quot;&quot;,&quot;sizes&quot;:[]},&quot;element_pack_global_tooltip_padding&quot;:{&quot;unit&quot;:&quot;px&quot;,&quot;top&quot;:&quot;&quot;,&quot;right&quot;:&quot;&quot;,&quot;bottom&quot;:&quot;&quot;,&quot;left&quot;:&quot;&quot;,&quot;isLinked&quot;:true},&quot;element_pack_global_tooltip_padding_tablet&quot;:{&quot;unit&quot;:&quot;px&quot;,&quot;top&quot;:&quot;&quot;,&quot;right&quot;:&quot;&quot;,&quot;bottom&quot;:&quot;&quot;,&quot;left&quot;:&quot;&quot;,&quot;isLinked&quot;:true},&quot;element_pack_global_tooltip_padding_mobile&quot;:{&quot;unit&quot;:&quot;px&quot;,&quot;top&quot;:&quot;&quot;,&quot;right&quot;:&quot;&quot;,&quot;bottom&quot;:&quot;&quot;,&quot;left&quot;:&quot;&quot;,&quot;isLinked&quot;:true},&quot;element_pack_global_tooltip_border_radius&quot;:{&quot;unit&quot;:&quot;px&quot;,&quot;top&quot;:&quot;&quot;,&quot;right&quot;:&quot;&quot;,&quot;bottom&quot;:&quot;&quot;,&quot;left&quot;:&quot;&quot;,&quot;isLinked&quot;:true},&quot;element_pack_global_tooltip_border_radius_tablet&quot;:{&quot;unit&quot;:&quot;px&quot;,&quot;top&quot;:&quot;&quot;,&quot;right&quot;:&quot;&quot;,&quot;bottom&quot;:&quot;&quot;,&quot;left&quot;:&quot;&quot;,&quot;isLinked&quot;:true},&quot;element_pack_global_tooltip_border_radius_mobile&quot;:{&quot;unit&quot;:&quot;px&quot;,&quot;top&quot;:&quot;&quot;,&quot;right&quot;:&quot;&quot;,&quot;bottom&quot;:&quot;&quot;,&quot;left&quot;:&quot;&quot;,&quot;isLinked&quot;:true}}\" data-elementor-post-type=\"page\">\n\t\t\t\t\t\t<section class=\"elementor-section elementor-top-section elementor-element elementor-element-66040a3 elementor-section-boxed elementor-section-height-default elementor-section-height-default parallax_section_no qode_elementor_container_no\" data-id=\"66040a3\" data-element_type=\"section\" data-e-type=\"section\">\n\t\t\t\t\t\t<div class=\"elementor-container elementor-column-gap-extended\">\n\t\t\t\t\t<div class=\"elementor-column elementor-col-100 elementor-top-column elementor-element elementor-element-e8618b0\" data-id=\"e8618b0\" data-element_type=\"column\" data-e-type=\"column\">\n\t\t\t<div class=\"elementor-widget-wrap elementor-element-populated\">\n\t\t\t\t\t\t<div class=\"elementor-element elementor-element-0eb7d80 elementor-widget elementor-widget-text-editor\" data-id=\"0eb7d80\" data-element_type=\"widget\" data-e-type=\"widget\" data-widget_type=\"text-editor.default\">\n\t\t\t\t<div class=\"elementor-widget-container\">\n\t\t\t\t\t\t\t\t\t<h2 style=\"text-align: center;\">Contact us<\/h2>\n\t\t\t\t\t\t\t\t<\/div>\n\t\t\t\t<\/div>\n\t\t\t\t<div class=\"elementor-element elementor-element-7ff3ccd elementor-widget-divider--view-line elementor-widget elementor-widget-divider\" data-id=\"7ff3ccd\" data-element_type=\"widget\" data-e-type=\"widget\" data-widget_type=\"divider.default\">\n\t\t\t\t<div class=\"elementor-widget-container\">\n\t\t\t\t\t\t\t<div class=\"elementor-divider\">\n\t\t\t<span class=\"elementor-divider-separator\">\n\t\t\t\t\t\t<\/span>\n\t\t<\/div>\n\t\t\t\t\t\t<\/div>\n\t\t\t\t<\/div>\n\t\t\t\t<div class=\"elementor-element elementor-element-b727202 elementor-widget elementor-widget-text-editor\" data-id=\"b727202\" data-element_type=\"widget\" data-e-type=\"widget\" data-widget_type=\"text-editor.default\">\n\t\t\t\t<div class=\"elementor-widget-container\">\n\t\t\t\t\t\t\t\t\t<h4 style=\"text-align: center;\">Have we piqued your interest? Contact us today. One of our advisors will get in contact with you by phone after you sent your enquiry to us. Our colleague will provide information on the possibilities of lens implantation, taking into account your place of residence, and is readily available to answer any questions you may have.<\/h4>\n\t\t\t\t\t\t\t\t<\/div>\n\t\t\t\t<\/div>\n\t\t\t\t<div class=\"elementor-element elementor-element-4f009f5 elementor-widget elementor-widget-bridge_cf_7\" data-id=\"4f009f5\" data-element_type=\"widget\" data-e-type=\"widget\" data-widget_type=\"bridge_cf_7.default\">\n\t\t\t\t<div class=\"elementor-widget-container\">\n\t\t\t\t\t    <div class=\"qode-contact-form-7 qode-contact-form-7-0\">\n    \n<div class=\"wpcf7 no-js\" id=\"wpcf7-f18907-o1\" lang=\"hu-HU\" dir=\"ltr\" data-wpcf7-id=\"18907\">\n<div class=\"screen-reader-response\"><p role=\"status\" aria-live=\"polite\" aria-atomic=\"true\"><\/p> <ul><\/ul><\/div>\n<form action=\"\/en\/wp-json\/wp\/v2\/pages\/20582#wpcf7-f18907-o1\" method=\"post\" class=\"wpcf7-form init cf7_custom_style_3\" aria-label=\"Kapcsolatfelv\u00e9teli \u0171rlap\" novalidate=\"novalidate\" data-status=\"init\">\n<fieldset class=\"hidden-fields-container\"><input type=\"hidden\" name=\"_wpcf7\" value=\"18907\" \/><input type=\"hidden\" name=\"_wpcf7_version\" value=\"6.1.5\" \/><input type=\"hidden\" name=\"_wpcf7_locale\" value=\"hu_HU\" \/><input type=\"hidden\" name=\"_wpcf7_unit_tag\" value=\"wpcf7-f18907-o1\" \/><input type=\"hidden\" name=\"_wpcf7_container_post\" value=\"0\" \/><input type=\"hidden\" name=\"_wpcf7_posted_data_hash\" value=\"\" \/><input type=\"hidden\" name=\"_wpcf7cf_hidden_group_fields\" value=\"[]\" \/><input type=\"hidden\" name=\"_wpcf7cf_hidden_groups\" value=\"[]\" \/><input type=\"hidden\" name=\"_wpcf7cf_visible_groups\" value=\"[]\" \/><input type=\"hidden\" name=\"_wpcf7cf_repeaters\" value=\"[]\" \/><input type=\"hidden\" name=\"_wpcf7cf_steps\" value=\"{}\" \/><input type=\"hidden\" name=\"_wpcf7cf_options\" value=\"{&quot;form_id&quot;:18907,&quot;conditions&quot;:[{&quot;then_field&quot;:&quot;group-1&quot;,&quot;and_rules&quot;:[{&quot;if_field&quot;:&quot;radio-1&quot;,&quot;operator&quot;:&quot;equals&quot;,&quot;if_value&quot;:&quot;Engem \\u00e9rint a probl\\u00e9ma, amire a megold\\u00e1st keresem&quot;}]},{&quot;then_field&quot;:&quot;group-2&quot;,&quot;and_rules&quot;:[{&quot;if_field&quot;:&quot;radio-1&quot;,&quot;operator&quot;:&quot;equals&quot;,&quot;if_value&quot;:&quot;Hozz\\u00e1tartoz\\u00f3mat, ismer\\u0151s\\u00f6met \\u00e9rinti a probl\\u00e9ma, amire a megold\\u00e1st keresem&quot;}]}],&quot;settings&quot;:{&quot;animation&quot;:&quot;yes&quot;,&quot;animation_intime&quot;:200,&quot;animation_outtime&quot;:200,&quot;conditions_ui&quot;:&quot;normal&quot;,&quot;notice_dismissed&quot;:false,&quot;repeater_remove_button&quot;:&quot;bottom&quot;,&quot;notice_dismissed_rollback-cf7-5.9.2&quot;:true,&quot;notice_dismissed_rollback-cf7-5.9.4&quot;:true,&quot;notice_dismissed_rollback-cf7-5.9.5&quot;:true}}\" \/><input type=\"hidden\" name=\"_wpcf7_recaptcha_response\" value=\"\" \/>\n<\/fieldset>\n<p><label> N\u00e9v*<br \/>\n<span class=\"wpcf7-form-control-wrap\" data-name=\"your-name\"><input size=\"40\" maxlength=\"400\" class=\"wpcf7-form-control wpcf7-text wpcf7-validates-as-required\" aria-required=\"true\" aria-invalid=\"false\" value=\"\" type=\"text\" name=\"your-name\" \/><\/span> <\/label>\n<\/p>\n<p><label> Telefonsz\u00e1m*<br \/>\n<span class=\"wpcf7-form-control-wrap\" data-name=\"your-tel\"><input size=\"40\" maxlength=\"400\" class=\"wpcf7-form-control wpcf7-tel wpcf7-validates-as-required wpcf7-text wpcf7-validates-as-tel\" aria-required=\"true\" aria-invalid=\"false\" value=\"\" type=\"tel\" name=\"your-tel\" \/><\/span> <\/label>\n<\/p>\n<p><label> E-mail c\u00edm*<br \/>\n<span class=\"wpcf7-form-control-wrap\" data-name=\"your-email\"><input size=\"40\" maxlength=\"400\" class=\"wpcf7-form-control wpcf7-email wpcf7-validates-as-required wpcf7-text wpcf7-validates-as-email\" aria-required=\"true\" aria-invalid=\"false\" value=\"\" type=\"email\" name=\"your-email\" \/><\/span> <\/label>\n<\/p>\n<p><label> Ir\u00e1ny\u00edt\u00f3sz\u00e1m, telep\u00fcl\u00e9s*<br \/>\n<span class=\"wpcf7-form-control-wrap\" data-name=\"your-address\"><input size=\"40\" maxlength=\"400\" class=\"wpcf7-form-control wpcf7-text wpcf7-validates-as-required\" aria-required=\"true\" aria-invalid=\"false\" placeholder=\"1011 Budapest\" value=\"\" type=\"text\" name=\"your-address\" \/><\/span> <\/label>\n<\/p>\n<p><span class=\"wpcf7-form-control-wrap\" data-name=\"radio-1\"><span class=\"wpcf7-form-control wpcf7-radio\"><span class=\"wpcf7-list-item first\"><label><input type=\"radio\" name=\"radio-1\" value=\"Engem \u00e9rint a probl\u00e9ma, amire a megold\u00e1st keresem\" checked=\"checked\" \/><span class=\"wpcf7-list-item-label\">Engem \u00e9rint a probl\u00e9ma, amire a megold\u00e1st keresem<\/span><\/label><\/span><span class=\"wpcf7-list-item last\"><label><input type=\"radio\" name=\"radio-1\" value=\"Hozz\u00e1tartoz\u00f3mat, ismer\u0151s\u00f6met \u00e9rinti a probl\u00e9ma, amire a megold\u00e1st keresem\" \/><span class=\"wpcf7-list-item-label\">Hozz\u00e1tartoz\u00f3mat, ismer\u0151s\u00f6met \u00e9rinti a probl\u00e9ma, amire a megold\u00e1st keresem<\/span><\/label><\/span><\/span><\/span>\n<\/p>\n<div data-id=\"group-1\" data-orig_data_id=\"group-1\"  class=\"\" data-class=\"wpcf7cf_group\">\n\t<p><label> Sz\u00fclet\u00e9si \u00e9v*<br \/>\n<span class=\"wpcf7-form-control-wrap\" data-name=\"birth\"><input class=\"wpcf7-form-control wpcf7-number wpcf7-validates-as-required wpcf7-validates-as-number\" min=\"1930\" max=\"2003\" aria-required=\"true\" aria-invalid=\"false\" value=\"\" type=\"number\" name=\"birth\" \/><\/span> <\/label>\n\t<\/p>\n<\/div>\n<div data-id=\"group-2\" data-orig_data_id=\"group-2\"  class=\"\" data-class=\"wpcf7cf_group\">\n\t<p><label> \u00c9rintett szem\u00e9ly neve*<br \/>\n<span class=\"wpcf7-form-control-wrap\" data-name=\"person-name\"><input size=\"40\" maxlength=\"400\" class=\"wpcf7-form-control wpcf7-text wpcf7-validates-as-required\" aria-required=\"true\" aria-invalid=\"false\" value=\"\" type=\"text\" name=\"person-name\" \/><\/span> <\/label>\n\t<\/p>\n\t<p><label> \u00c9rintett szem\u00e9ly telefonsz\u00e1ma*<br \/>\n<span class=\"wpcf7-form-control-wrap\" data-name=\"person-tel\"><input size=\"40\" maxlength=\"400\" class=\"wpcf7-form-control wpcf7-tel wpcf7-validates-as-required wpcf7-text wpcf7-validates-as-tel\" aria-required=\"true\" aria-invalid=\"false\" value=\"\" type=\"tel\" name=\"person-tel\" \/><\/span> <\/label>\n\t<\/p>\n\t<p><label> \u00c9rintett szem\u00e9ly e-mail c\u00edme*<br \/>\n<span class=\"wpcf7-form-control-wrap\" data-name=\"person-email\"><input size=\"40\" maxlength=\"400\" class=\"wpcf7-form-control wpcf7-email wpcf7-validates-as-required wpcf7-text wpcf7-validates-as-email\" aria-required=\"true\" aria-invalid=\"false\" value=\"\" type=\"email\" name=\"person-email\" \/><\/span> <\/label>\n\t<\/p>\n\t<p><label> \u00c9rintett szem\u00e9ly ir\u00e1ny\u00edt\u00f3sz\u00e1ma, telep\u00fcl\u00e9se*<br \/>\n<span class=\"wpcf7-form-control-wrap\" data-name=\"person-address\"><input size=\"40\" maxlength=\"400\" class=\"wpcf7-form-control wpcf7-text wpcf7-validates-as-required\" aria-required=\"true\" aria-invalid=\"false\" placeholder=\"1011 Budapest\" value=\"\" type=\"text\" name=\"person-address\" \/><\/span> <\/label>\n\t<\/p>\n\t<p><label> \u00c9rintett szem\u00e9ly sz\u00fclet\u00e9si \u00e9ve*<br \/>\n<span class=\"wpcf7-form-control-wrap\" data-name=\"person-birth\"><input class=\"wpcf7-form-control wpcf7-number wpcf7-validates-as-required wpcf7-validates-as-number\" min=\"1930\" max=\"2003\" aria-required=\"true\" aria-invalid=\"false\" value=\"\" type=\"number\" name=\"person-birth\" \/><\/span> <\/label>\n\t<\/p>\n<\/div>\n<p><label> \u00dczenet*<br \/>\n<span class=\"wpcf7-form-control-wrap\" data-name=\"megjegyzes\"><textarea cols=\"40\" rows=\"10\" maxlength=\"2000\" class=\"wpcf7-form-control wpcf7-textarea wpcf7-validates-as-required\" aria-required=\"true\" aria-invalid=\"false\" placeholder=\"K\u00e9rj\u00fck \u00edrja le nek\u00fcnk, hogy miben seg\u00edthet\u00fcnk.\" name=\"megjegyzes\"><\/textarea><\/span> <\/label>\n<\/p>\n<div class=\"small\">\n\t<p><label><span class=\"wpcf7-form-control-wrap\" data-name=\"acceptance-1\"><span class=\"wpcf7-form-control wpcf7-acceptance\"><span class=\"wpcf7-list-item\"><input type=\"checkbox\" name=\"acceptance-1\" value=\"1\" aria-invalid=\"false\" \/><\/span><\/span><\/span> Hozz\u00e1j\u00e1rulok, hogy a Premed Pharma Kft. edukat\u00edv inform\u00e1ci\u00f3kat k\u00fcldj\u00f6n r\u00e9szemre \u00e9s e-mail c\u00edmemet a <a href=\"https:\/\/ragyogolatas.hu\/adatvedelem\/\" target=\"_blank\">Kereskedelmi Adatkezel\u00e9si T\u00e1j\u00e9koztat\u00f3ban<\/a> foglaltak szerint kezelje.**<\/label>\n\t<\/p>\n\t<p><label><span class=\"wpcf7-form-control-wrap\" data-name=\"acceptance-2\"><span class=\"wpcf7-form-control wpcf7-acceptance\"><span class=\"wpcf7-list-item\"><input type=\"checkbox\" name=\"acceptance-2\" value=\"1\" aria-invalid=\"false\" \/><\/span><\/span><\/span> Hozz\u00e1j\u00e1rulok, hogy a Premed Pharma Kft. kapcsolattart\u00e1s c\u00e9lj\u00e1b\u00f3l telefonsz\u00e1momat a <a href=\"https:\/\/ragyogolatas.hu\/adatvedelem\/\" target=\"_blank\">Kereskedelmi Adatkezel\u00e9si T\u00e1j\u00e9koztat\u00f3ban<\/a> foglaltak szerint kezelje.**<\/label>\n\t<\/p>\n\t<p><input class=\"wpcf7-form-control wpcf7-submit has-spinner\" type=\"submit\" value=\"Elk\u00fcld\u00e9s\" \/>\n\t<\/p>\n\t<p><span>* A csillaggal jel\u00f6lt mez\u0151k kit\u00f6lt\u00e9se k\u00f6telez\u0151.<\/span><br \/>\n<span>** Hozz\u00e1j\u00e1rul\u00e1somat b\u00e1rmikor jogosult vagyok visszavonni.<\/span>\n\t<\/p>\n<\/div><div class=\"wpcf7-response-output\" aria-hidden=\"true\"><\/div>\n<\/form>\n<\/div>\n    <\/div>\n\t\t\t\t<\/div>\n\t\t\t\t<\/div>\n\t\t\t\t\t<\/div>\n\t\t<\/div>\n\t\t\t\t\t<\/div>\n\t\t<\/section>\n\t\t\t\t<\/div>\n\t\t","protected":false},"excerpt":{"rendered":"<p>Contact us Have we piqued your interest? Contact us today. One of our advisors will get in contact with you by phone after you sent your enquiry to us. Our colleague will provide information on the possibilities of lens implantation, taking into account your place&#8230;<\/p>\n","protected":false},"author":2,"featured_media":0,"parent":0,"menu_order":0,"comment_status":"closed","ping_status":"closed","template":"","meta":{"footnotes":""},"class_list":["post-20582","page","type-page","status-publish","hentry"],"_links":{"self":[{"href":"https:\/\/ragyogolatas.hu\/en\/wp-json\/wp\/v2\/pages\/20582","targetHints":{"allow":["GET"]}}],"collection":[{"href":"https:\/\/ragyogolatas.hu\/en\/wp-json\/wp\/v2\/pages"}],"about":[{"href":"https:\/\/ragyogolatas.hu\/en\/wp-json\/wp\/v2\/types\/page"}],"author":[{"embeddable":true,"href":"https:\/\/ragyogolatas.hu\/en\/wp-json\/wp\/v2\/users\/2"}],"replies":[{"embeddable":true,"href":"https:\/\/ragyogolatas.hu\/en\/wp-json\/wp\/v2\/comments?post=20582"}],"version-history":[{"count":4,"href":"https:\/\/ragyogolatas.hu\/en\/wp-json\/wp\/v2\/pages\/20582\/revisions"}],"predecessor-version":[{"id":22806,"href":"https:\/\/ragyogolatas.hu\/en\/wp-json\/wp\/v2\/pages\/20582\/revisions\/22806"}],"wp:attachment":[{"href":"https:\/\/ragyogolatas.hu\/en\/wp-json\/wp\/v2\/media?parent=20582"}],"curies":[{"name":"wp","href":"https:\/\/api.w.org\/{rel}","templated":true}]}}